{"id":2011,"date":"2022-08-30T13:28:44","date_gmt":"2022-08-30T10:28:44","guid":{"rendered":"https:\/\/www.ihastjarvenlinja.fi\/?page_id=2011"},"modified":"2025-08-30T12:01:30","modified_gmt":"2025-08-30T09:01:30","slug":"heimobussit","status":"publish","type":"page","link":"https:\/\/www.ihastjarvenlinja.fi\/index.php\/heimobussit\/","title":{"rendered":"Heimobussit"},"content":{"rendered":"\t\t<div data-elementor-type=\"wp-page\" data-elementor-id=\"2011\" class=\"elementor elementor-2011\">\n\t\t\t\t\t\t<section class=\"elementor-section elementor-top-section elementor-element elementor-element-2d8e136c elementor-section-boxed elementor-section-height-default elementor-section-height-default\" data-id=\"2d8e136c\" data-element_type=\"section\" data-e-type=\"section\" data-settings=\"{&quot;background_background&quot;:&quot;classic&quot;}\">\n\t\t\t\t\t\t\t<div class=\"elementor-background-overlay\"><\/div>\n\t\t\t\t\t\t\t<div class=\"elementor-container elementor-column-gap-default\">\n\t\t\t\t\t<div class=\"elementor-column elementor-col-100 elementor-top-column elementor-element elementor-element-474304d\" data-id=\"474304d\" data-element_type=\"column\" data-e-type=\"column\">\n\t\t\t<div class=\"elementor-widget-wrap elementor-element-populated\">\n\t\t\t\t\t\t<div class=\"elementor-element elementor-element-7dbb307c elementor-widget-mobile__width-initial elementor-widget elementor-widget-heading\" data-id=\"7dbb307c\" data-element_type=\"widget\" data-e-type=\"widget\" data-widget_type=\"heading.default\">\n\t\t\t\t<div class=\"elementor-widget-container\">\n\t\t\t\t\t<h1 class=\"elementor-heading-title elementor-size-default\">Heimobussit<\/h1>\t\t\t\t<\/div>\n\t\t\t\t<\/div>\n\t\t\t\t\t<\/div>\n\t\t<\/div>\n\t\t\t\t\t<\/div>\n\t\t<\/section>\n\t\t\t\t<section class=\"elementor-section elementor-top-section elementor-element elementor-element-4d2c9e9 elementor-reverse-mobile elementor-section-boxed elementor-section-height-default elementor-section-height-default\" data-id=\"4d2c9e9\" data-element_type=\"section\" data-e-type=\"section\">\n\t\t\t\t\t\t<div class=\"elementor-container elementor-column-gap-no\">\n\t\t\t\t\t<div class=\"elementor-column elementor-col-100 elementor-top-column elementor-element elementor-element-a969ce8\" data-id=\"a969ce8\" data-element_type=\"column\" data-e-type=\"column\">\n\t\t\t<div class=\"elementor-widget-wrap elementor-element-populated\">\n\t\t\t\t\t\t<div class=\"elementor-element elementor-element-1dc0694 elementor-widget elementor-widget-image\" data-id=\"1dc0694\" data-element_type=\"widget\" data-e-type=\"widget\" data-widget_type=\"image.default\">\n\t\t\t\t<div class=\"elementor-widget-container\">\n\t\t\t\t\t\t\t\t\t\t\t\t\t\t\t<img fetchpriority=\"high\" decoding=\"async\" width=\"768\" height=\"588\" src=\"https:\/\/www.ihastjarvenlinja.fi\/wp-content\/uploads\/2022\/08\/Jukurit_bussikartat-768x588.png\" class=\"attachment-medium_large size-medium_large wp-image-2014\" alt=\"\" srcset=\"https:\/\/www.ihastjarvenlinja.fi\/wp-content\/uploads\/2022\/08\/Jukurit_bussikartat-768x588.png 768w, https:\/\/www.ihastjarvenlinja.fi\/wp-content\/uploads\/2022\/08\/Jukurit_bussikartat-300x230.png 300w, https:\/\/www.ihastjarvenlinja.fi\/wp-content\/uploads\/2022\/08\/Jukurit_bussikartat-1024x784.png 1024w, https:\/\/www.ihastjarvenlinja.fi\/wp-content\/uploads\/2022\/08\/Jukurit_bussikartat.png 1126w\" sizes=\"(max-width: 768px) 100vw, 768px\" \/>\t\t\t\t\t\t\t\t\t\t\t\t\t\t\t<\/div>\n\t\t\t\t<\/div>\n\t\t\t\t<div class=\"elementor-element elementor-element-ac448a8 elementor-widget elementor-widget-heading\" data-id=\"ac448a8\" data-element_type=\"widget\" data-e-type=\"widget\" data-widget_type=\"heading.default\">\n\t\t\t\t<div class=\"elementor-widget-container\">\n\t\t\t\t\t<h2 class=\"elementor-heading-title elementor-size-default\">Heimobussilla Jukurien peleihin!<\/h2>\t\t\t\t<\/div>\n\t\t\t\t<\/div>\n\t\t\t\t<div class=\"elementor-element elementor-element-72ffb51 elementor-widget elementor-widget-spacer\" data-id=\"72ffb51\" data-element_type=\"widget\" data-e-type=\"widget\" data-widget_type=\"spacer.default\">\n\t\t\t\t<div class=\"elementor-widget-container\">\n\t\t\t\t\t\t\t<div class=\"elementor-spacer\">\n\t\t\t<div class=\"elementor-spacer-inner\"><\/div>\n\t\t<\/div>\n\t\t\t\t\t\t<\/div>\n\t\t\t\t<\/div>\n\t\t\t\t<div class=\"elementor-element elementor-element-ee8cf70 elementor-widget elementor-widget-text-editor\" data-id=\"ee8cf70\" data-element_type=\"widget\" data-e-type=\"widget\" data-widget_type=\"text-editor.default\">\n\t\t\t\t<div class=\"elementor-widget-container\">\n\t\t\t\t\t\t\t\t\t<p>Kaudella 2025-2026 jatkamme yhteisty\u00f6t\u00e4 Mikkelin Jukurien kanssa liikenn\u00f6im\u00e4ll\u00e4 Heimobusseja. Heimobussit kulkevat kolmella reitill\u00e4 kotipelip\u00e4ivin\u00e4.<br>Mikkelin Jukurien Liigakausi k\u00e4ynnistyy <b>tiistaina 9.9.2025<\/b>&nbsp;<span style=\"font-size: 16px; font-style: normal; font-weight: 400; color: var( --e-global-color-text );\">kotiottelulla&nbsp;<\/span><span style=\"font-size: 16px; color: var( --e-global-color-text );\">HIFK:ta vastaan. Tarkemmat tiedot kotiotteluista ja ajankohdista <\/span><a style=\"font-size: 16px; font-weight: inherit; background-color: #ffffff;\" href=\"https:\/\/jukurit.fi\/fi-fi\/article\/etusivu\/otteluohjelma\/2253\/?filter_view=1&amp;results=1\" target=\"_blank\" rel=\"noopener\"><span style=\"text-decoration: underline; color: #3366ff;\">Jukurien nettisivuilta<\/span>.<\/a><span style=\"font-size: 16px; color: var( --e-global-color-text );\">&nbsp;&nbsp;<\/span><\/p>\n<p>Jukurien kausikortilla matkustat Heimobusseilla veloituksetta ja bussista ostetulla lipulla p\u00e4\u00e4set matkustamaan meno-paluumatkan. Bussissa maksuv\u00e4linein\u00e4 k\u00e4yv\u00e4t k\u00e4teinen sek\u00e4 korttimaksu. Hinta <b>6&nbsp;\u20ac <\/b>meno-paluu ja opiskelijoille <b>4&nbsp;\u20ac <\/b>(Huom, opiskelijakortti esitett\u00e4v\u00e4 kuljettajalle). <br>Alle 7-vuotiaat matkustavat veloituksetta.&nbsp;<\/p>\n<p><span style=\"font-size: 16px; font-style: normal; font-weight: 400;\">Heimobussit kulkevat viime kaudelta tuttujen reittien ja aikataulujen mukaisesti. Paluukyydit l\u00e4htev\u00e4t 15 minuuttia ottelun p\u00e4\u00e4ttymisen j\u00e4lkeen.&nbsp;<\/span><\/p>\t\t\t\t\t\t\t\t<\/div>\n\t\t\t\t<\/div>\n\t\t\t\t<section class=\"elementor-section elementor-inner-section elementor-element elementor-element-32a39a7 elementor-section-boxed elementor-section-height-default elementor-section-height-default\" data-id=\"32a39a7\" data-element_type=\"section\" data-e-type=\"section\">\n\t\t\t\t\t\t<div class=\"elementor-container elementor-column-gap-default\">\n\t\t\t\t\t<div class=\"elementor-column elementor-col-50 elementor-inner-column elementor-element elementor-element-62edc89\" data-id=\"62edc89\" data-element_type=\"column\" data-e-type=\"column\">\n\t\t\t<div class=\"elementor-widget-wrap elementor-element-populated\">\n\t\t\t\t\t\t<div class=\"elementor-element elementor-element-c72b9e0 elementor-widget__width-initial elementor-widget elementor-widget-text-editor\" data-id=\"c72b9e0\" data-element_type=\"widget\" data-e-type=\"widget\" data-widget_type=\"text-editor.default\">\n\t\t\t\t<div class=\"elementor-widget-container\">\n\t\t\t\t\t\t\t\t\t<p><span style=\"font-size: 16px; color: var( --e-global-color-text );\"><b>Heimobussi 1 Ark. \/ La<\/b><\/span><\/p><p><b>Kirkonvarkaus<\/b> (Heizenpuisto) <b>16.50 \/ 15.20<\/b><br \/><b>ABC<\/b> <b>Tuukkala 17.00 \/ 15.30<\/b><br \/><b>Silvasti <\/b>(Kahvila-ravintola L\u00e4nstuuli)<br \/><b>Laajatie<\/b> (Ravintola Sahara)<b> 17.10 \/ 15.40<\/b><br \/><b>Laajalampi<\/b> (Suksisep\u00e4ntien pys\u00e4kki) <b>17.15 \/ 15.45<\/b><br \/><b>Hallitustorin pys\u00e4kki<\/b> (keskusta) <b>17.25 \/ 15.55<\/b><br \/><b>Savisilta<\/b> (Maahisentaipaleen pys\u00e4kki) <b>17.35 \/ 16.05<\/b><br \/><strong>Let&#8217;s Go Areena<\/strong> <b>17.45 \/ 16.15<\/b><\/p><p>\u00a0<\/p><p style=\"text-align: left;\">\u00a0<\/p>\t\t\t\t\t\t\t\t<\/div>\n\t\t\t\t<\/div>\n\t\t\t\t\t<\/div>\n\t\t<\/div>\n\t\t\t\t<div class=\"elementor-column elementor-col-50 elementor-inner-column elementor-element elementor-element-1f8d113\" data-id=\"1f8d113\" data-element_type=\"column\" data-e-type=\"column\">\n\t\t\t<div class=\"elementor-widget-wrap elementor-element-populated\">\n\t\t\t\t\t\t<div class=\"elementor-element elementor-element-812375c elementor-widget elementor-widget-image\" data-id=\"812375c\" data-element_type=\"widget\" data-e-type=\"widget\" data-widget_type=\"image.default\">\n\t\t\t\t<div class=\"elementor-widget-container\">\n\t\t\t\t\t\t\t\t\t\t\t\t\t\t\t<img decoding=\"async\" width=\"755\" height=\"755\" src=\"https:\/\/www.ihastjarvenlinja.fi\/wp-content\/uploads\/2024\/09\/HB1.png\" class=\"attachment-large size-large wp-image-2476\" alt=\"\" srcset=\"https:\/\/www.ihastjarvenlinja.fi\/wp-content\/uploads\/2024\/09\/HB1.png 755w, https:\/\/www.ihastjarvenlinja.fi\/wp-content\/uploads\/2024\/09\/HB1-300x300.png 300w, https:\/\/www.ihastjarvenlinja.fi\/wp-content\/uploads\/2024\/09\/HB1-150x150.png 150w\" sizes=\"(max-width: 755px) 100vw, 755px\" \/>\t\t\t\t\t\t\t\t\t\t\t\t\t\t\t<\/div>\n\t\t\t\t<\/div>\n\t\t\t\t\t<\/div>\n\t\t<\/div>\n\t\t\t\t\t<\/div>\n\t\t<\/section>\n\t\t\t\t<div class=\"elementor-element elementor-element-e9a56b0 elementor-widget elementor-widget-spacer\" data-id=\"e9a56b0\" data-element_type=\"widget\" data-e-type=\"widget\" data-widget_type=\"spacer.default\">\n\t\t\t\t<div class=\"elementor-widget-container\">\n\t\t\t\t\t\t\t<div class=\"elementor-spacer\">\n\t\t\t<div class=\"elementor-spacer-inner\"><\/div>\n\t\t<\/div>\n\t\t\t\t\t\t<\/div>\n\t\t\t\t<\/div>\n\t\t\t\t<section class=\"elementor-section elementor-inner-section elementor-element elementor-element-77f71da elementor-section-boxed elementor-section-height-default elementor-section-height-default\" data-id=\"77f71da\" data-element_type=\"section\" data-e-type=\"section\">\n\t\t\t\t\t\t<div class=\"elementor-container elementor-column-gap-default\">\n\t\t\t\t\t<div class=\"elementor-column elementor-col-50 elementor-inner-column elementor-element elementor-element-c5ccab6\" data-id=\"c5ccab6\" data-element_type=\"column\" data-e-type=\"column\">\n\t\t\t<div class=\"elementor-widget-wrap elementor-element-populated\">\n\t\t\t\t\t\t<div class=\"elementor-element elementor-element-7378822 elementor-widget elementor-widget-text-editor\" data-id=\"7378822\" data-element_type=\"widget\" data-e-type=\"widget\" data-widget_type=\"text-editor.default\">\n\t\t\t\t<div class=\"elementor-widget-container\">\n\t\t\t\t\t\t\t\t\t<p><b style=\"font-style: inherit; color: var( --e-global-color-text );\">Heimobussi 2 Ark. \/ La<\/b><\/p><p><b>Otava <\/b>(Huvikummun pys\u00e4kki, ajetaan Tokeron kautta) <b>17.00 \/ 15.30<\/b><br \/><b>Rantakyl\u00e4<\/b> (Ravintola Kivijalan pys\u00e4kki) <b>17.15 \/ 15.45<\/b><br \/><b>Sokkala<\/b> (Cafe Bar Sokkala, ajetaan Rantakyl\u00e4ntie-Rakentajantie) <b>17.20 \/ 15.50<\/b><br \/><b>Lehmuskyl\u00e4<\/b> (Bar Pihlaja) <b>17.25 \/ 15.55<\/b><br \/><b>Tusku<\/b> (Karjalanharjuntien varrelta) <b>17.30 \/ 16.00<\/b><br \/><b>Let&#8217;s Go Areena 17.40 \/ 16.10<\/b><\/p><p style=\"text-align: left;\">\u00a0<\/p>\t\t\t\t\t\t\t\t<\/div>\n\t\t\t\t<\/div>\n\t\t\t\t\t<\/div>\n\t\t<\/div>\n\t\t\t\t<div class=\"elementor-column elementor-col-50 elementor-inner-column elementor-element elementor-element-87331f6\" data-id=\"87331f6\" data-element_type=\"column\" data-e-type=\"column\">\n\t\t\t<div class=\"elementor-widget-wrap elementor-element-populated\">\n\t\t\t\t\t\t<div class=\"elementor-element elementor-element-1eb6cfb elementor-widget elementor-widget-image\" data-id=\"1eb6cfb\" data-element_type=\"widget\" data-e-type=\"widget\" data-widget_type=\"image.default\">\n\t\t\t\t<div class=\"elementor-widget-container\">\n\t\t\t\t\t\t\t\t\t\t\t\t\t\t\t<img decoding=\"async\" width=\"755\" height=\"650\" src=\"https:\/\/www.ihastjarvenlinja.fi\/wp-content\/uploads\/2024\/09\/HB2.png\" class=\"attachment-large size-large wp-image-2477\" alt=\"\" srcset=\"https:\/\/www.ihastjarvenlinja.fi\/wp-content\/uploads\/2024\/09\/HB2.png 755w, https:\/\/www.ihastjarvenlinja.fi\/wp-content\/uploads\/2024\/09\/HB2-300x258.png 300w\" sizes=\"(max-width: 755px) 100vw, 755px\" \/>\t\t\t\t\t\t\t\t\t\t\t\t\t\t\t<\/div>\n\t\t\t\t<\/div>\n\t\t\t\t\t<\/div>\n\t\t<\/div>\n\t\t\t\t\t<\/div>\n\t\t<\/section>\n\t\t\t\t<div class=\"elementor-element elementor-element-8174c76 elementor-widget elementor-widget-spacer\" data-id=\"8174c76\" data-element_type=\"widget\" data-e-type=\"widget\" data-widget_type=\"spacer.default\">\n\t\t\t\t<div class=\"elementor-widget-container\">\n\t\t\t\t\t\t\t<div class=\"elementor-spacer\">\n\t\t\t<div class=\"elementor-spacer-inner\"><\/div>\n\t\t<\/div>\n\t\t\t\t\t\t<\/div>\n\t\t\t\t<\/div>\n\t\t\t\t<section class=\"elementor-section elementor-inner-section elementor-element elementor-element-bb17024 elementor-section-boxed elementor-section-height-default elementor-section-height-default\" data-id=\"bb17024\" data-element_type=\"section\" data-e-type=\"section\">\n\t\t\t\t\t\t<div class=\"elementor-container elementor-column-gap-default\">\n\t\t\t\t\t<div class=\"elementor-column elementor-col-50 elementor-inner-column elementor-element elementor-element-daed639\" data-id=\"daed639\" data-element_type=\"column\" data-e-type=\"column\">\n\t\t\t<div class=\"elementor-widget-wrap elementor-element-populated\">\n\t\t\t\t\t\t<div class=\"elementor-element elementor-element-e53214c elementor-widget elementor-widget-text-editor\" data-id=\"e53214c\" data-element_type=\"widget\" data-e-type=\"widget\" data-widget_type=\"text-editor.default\">\n\t\t\t\t<div class=\"elementor-widget-container\">\n\t\t\t\t\t\t\t\t\t<p><strong>Heimobussi 3 Ark. \/ La<br \/><\/strong><br \/><b>Visulahti<\/b> (Cafe Visulahti, Shell) <b>17.00 \/ 15.30<\/b><br \/><b>Tupala<\/b> (K\u00e4\u00e4nt\u00f6paikka Oravinkatu) <b>17.10 \/ 15.40<\/b><br \/><b>Peitsari<\/b> (S-Marketin pys\u00e4kki)<b> 17.15 \/ 15.45<\/b><br \/><b>Launiala<\/b> (Huuhkajakadun risteyksen pys\u00e4kki, Motonetin pys\u00e4kki) <b>17.20 \/ 15.50<\/b><br \/><b>Tuppurala<\/b> (Aurakadun pys\u00e4kki) <b>17.25 \/ 15.55<\/b><br \/><b>K-Rauta<\/b> (Juvantien pys\u00e4kki) <b>17.30 \/ 16.00<\/b><br \/><b>Hallitustorin pys\u00e4kki<\/b> (keskusta)<b> 17.35 \/ 16.05<\/b><br \/><b>Let&#8217;s Go Areena 17.50 \/ 16.20<\/b><\/p><p style=\"text-align: left;\">\u00a0<\/p>\t\t\t\t\t\t\t\t<\/div>\n\t\t\t\t<\/div>\n\t\t\t\t\t<\/div>\n\t\t<\/div>\n\t\t\t\t<div class=\"elementor-column elementor-col-50 elementor-inner-column elementor-element elementor-element-65b5f17\" data-id=\"65b5f17\" data-element_type=\"column\" data-e-type=\"column\">\n\t\t\t<div class=\"elementor-widget-wrap elementor-element-populated\">\n\t\t\t\t\t\t<div class=\"elementor-element elementor-element-9ee3d81 elementor-widget elementor-widget-image\" data-id=\"9ee3d81\" data-element_type=\"widget\" data-e-type=\"widget\" data-widget_type=\"image.default\">\n\t\t\t\t<div class=\"elementor-widget-container\">\n\t\t\t\t\t\t\t\t\t\t\t\t\t\t\t<img loading=\"lazy\" decoding=\"async\" width=\"755\" height=\"608\" src=\"https:\/\/www.ihastjarvenlinja.fi\/wp-content\/uploads\/2024\/09\/HB3.png\" class=\"attachment-large size-large wp-image-2478\" alt=\"\" srcset=\"https:\/\/www.ihastjarvenlinja.fi\/wp-content\/uploads\/2024\/09\/HB3.png 755w, https:\/\/www.ihastjarvenlinja.fi\/wp-content\/uploads\/2024\/09\/HB3-300x242.png 300w\" sizes=\"(max-width: 755px) 100vw, 755px\" \/>\t\t\t\t\t\t\t\t\t\t\t\t\t\t\t<\/div>\n\t\t\t\t<\/div>\n\t\t\t\t\t<\/div>\n\t\t<\/div>\n\t\t\t\t\t<\/div>\n\t\t<\/section>\n\t\t\t\t\t<\/div>\n\t\t<\/div>\n\t\t\t\t\t<\/div>\n\t\t<\/section>\n\t\t\t\t<section class=\"elementor-section elementor-top-section elementor-element elementor-element-01c393d elementor-section-boxed elementor-section-height-default elementor-section-height-default\" data-id=\"01c393d\" data-element_type=\"section\" data-e-type=\"section\">\n\t\t\t\t\t\t<div class=\"elementor-container elementor-column-gap-default\">\n\t\t\t\t\t<div class=\"elementor-column elementor-col-100 elementor-top-column elementor-element elementor-element-0cc9049\" data-id=\"0cc9049\" data-element_type=\"column\" data-e-type=\"column\">\n\t\t\t<div class=\"elementor-widget-wrap\">\n\t\t\t\t\t\t\t<\/div>\n\t\t<\/div>\n\t\t\t\t\t<\/div>\n\t\t<\/section>\n\t\t\t\t<\/div>\n\t\t","protected":false},"excerpt":{"rendered":"<p>Heimobussit Heimobussilla Jukurien peleihin! Kaudella 2025-2026 jatkamme yhteisty\u00f6t\u00e4 Mikkelin Jukurien kanssa liikenn\u00f6im\u00e4ll\u00e4 Heimobusseja. Heimobussit kulkevat kolmella reitill\u00e4 kotipelip\u00e4ivin\u00e4.Mikkelin Jukurien Liigakausi k\u00e4ynnistyy tiistaina 9.9.2025&nbsp;kotiottelulla&nbsp;HIFK:ta vastaan. Tarkemmat tiedot kotiotteluista ja ajankohdista Jukurien nettisivuilta.&nbsp;&nbsp; Jukurien kausikortilla matkustat Heimobusseilla veloituksetta ja bussista ostetulla lipulla p\u00e4\u00e4set matkustamaan meno-paluumatkan. Bussissa maksuv\u00e4linein\u00e4 k\u00e4yv\u00e4t k\u00e4teinen sek\u00e4 korttimaksu. Hinta 6&nbsp;\u20ac meno-paluu ja opiskelijoille 4&nbsp;\u20ac [&hellip;]<\/p>\n","protected":false},"author":2,"featured_media":0,"parent":0,"menu_order":0,"comment_status":"closed","ping_status":"closed","template":"","meta":{"site-sidebar-layout":"no-sidebar","site-content-layout":"page-builder","ast-site-content-layout":"default","site-content-style":"default","site-sidebar-style":"default","ast-global-header-display":"","ast-banner-title-visibility":"","ast-main-header-display":"","ast-hfb-above-header-display":"","ast-hfb-below-header-display":"","ast-hfb-mobile-header-display":"","site-post-title":"disabled","ast-breadcrumbs-content":"","ast-featured-img":"","footer-sml-layout":"","ast-disable-related-posts":"","theme-transparent-header-meta":"enabled","adv-header-id-meta":"","stick-header-meta":"","header-above-stick-meta":"","header-main-stick-meta":"","header-below-stick-meta":"","astra-migrate-meta-layouts":"default","ast-page-background-enabled":"default","ast-page-background-meta":{"desktop":{"background-color":"","background-image":"","background-repeat":"repeat","background-position":"center center","background-size":"auto","background-attachment":"scroll","background-type":"","background-media":"","overlay-type":"","overlay-color":"","overlay-opacity":"","overlay-gradient":""},"tablet":{"background-color":"","background-image":"","background-repeat":"repeat","background-position":"center center","background-size":"auto","background-attachment":"scroll","background-type":"","background-media":"","overlay-type":"","overlay-color":"","overlay-opacity":"","overlay-gradient":""},"mobile":{"background-color":"","background-image":"","background-repeat":"repeat","background-position":"center center","background-size":"auto","background-attachment":"scroll","background-type":"","background-media":"","overlay-type":"","overlay-color":"","overlay-opacity":"","overlay-gradient":""}},"ast-content-background-meta":{"desktop":{"background-color":"var(--ast-global-color-5)","background-image":"","background-repeat":"repeat","background-position":"center center","background-size":"auto","background-attachment":"scroll","background-type":"","background-media":"","overlay-type":"","overlay-color":"","overlay-opacity":"","overlay-gradient":""},"tablet":{"background-color":"var(--ast-global-color-5)","background-image":"","background-repeat":"repeat","background-position":"center center","background-size":"auto","background-attachment":"scroll","background-type":"","background-media":"","overlay-type":"","overlay-color":"","overlay-opacity":"","overlay-gradient":""},"mobile":{"background-color":"var(--ast-global-color-5)","background-image":"","background-repeat":"repeat","background-position":"center center","background-size":"auto","background-attachment":"scroll","background-type":"","background-media":"","overlay-type":"","overlay-color":"","overlay-opacity":"","overlay-gradient":""}},"footnotes":""},"class_list":["post-2011","page","type-page","status-publish","hentry"],"_links":{"self":[{"href":"https:\/\/www.ihastjarvenlinja.fi\/index.php\/wp-json\/wp\/v2\/pages\/2011","targetHints":{"allow":["GET"]}}],"collection":[{"href":"https:\/\/www.ihastjarvenlinja.fi\/index.php\/wp-json\/wp\/v2\/pages"}],"about":[{"href":"https:\/\/www.ihastjarvenlinja.fi\/index.php\/wp-json\/wp\/v2\/types\/page"}],"author":[{"embeddable":true,"href":"https:\/\/www.ihastjarvenlinja.fi\/index.php\/wp-json\/wp\/v2\/users\/2"}],"replies":[{"embeddable":true,"href":"https:\/\/www.ihastjarvenlinja.fi\/index.php\/wp-json\/wp\/v2\/comments?post=2011"}],"version-history":[{"count":105,"href":"https:\/\/www.ihastjarvenlinja.fi\/index.php\/wp-json\/wp\/v2\/pages\/2011\/revisions"}],"predecessor-version":[{"id":2571,"href":"https:\/\/www.ihastjarvenlinja.fi\/index.php\/wp-json\/wp\/v2\/pages\/2011\/revisions\/2571"}],"wp:attachment":[{"href":"https:\/\/www.ihastjarvenlinja.fi\/index.php\/wp-json\/wp\/v2\/media?parent=2011"}],"curies":[{"name":"wp","href":"https:\/\/api.w.org\/{rel}","templated":true}]}}