{"id":636,"date":"2020-04-13T11:18:52","date_gmt":"2020-04-13T08:18:52","guid":{"rendered":"https:\/\/www.ihastjarvenlinja.fi\/index.php\/about\/"},"modified":"2024-08-11T20:43:06","modified_gmt":"2024-08-11T17:43:06","slug":"meista","status":"publish","type":"page","link":"https:\/\/www.ihastjarvenlinja.fi\/index.php\/meista\/","title":{"rendered":"Meist\u00e4"},"content":{"rendered":"\t\t<div data-elementor-type=\"wp-page\" data-elementor-id=\"636\" class=\"elementor elementor-636\">\n\t\t\t\t\t\t<section class=\"elementor-section elementor-top-section elementor-element elementor-element-5131a13e elementor-section-boxed elementor-section-height-default elementor-section-height-default\" data-id=\"5131a13e\" data-element_type=\"section\" data-e-type=\"section\" data-settings=\"{&quot;background_background&quot;:&quot;classic&quot;}\">\n\t\t\t\t\t\t\t<div class=\"elementor-background-overlay\"><\/div>\n\t\t\t\t\t\t\t<div class=\"elementor-container elementor-column-gap-default\">\n\t\t\t\t\t<div class=\"elementor-column elementor-col-100 elementor-top-column elementor-element elementor-element-1053ca7a\" data-id=\"1053ca7a\" data-element_type=\"column\" data-e-type=\"column\">\n\t\t\t<div class=\"elementor-widget-wrap elementor-element-populated\">\n\t\t\t\t\t\t<div class=\"elementor-element elementor-element-3d99e122 elementor-widget elementor-widget-heading\" data-id=\"3d99e122\" data-element_type=\"widget\" data-e-type=\"widget\" data-widget_type=\"heading.default\">\n\t\t\t\t<div class=\"elementor-widget-container\">\n\t\t\t\t\t<h1 class=\"elementor-heading-title elementor-size-default\">Meist\u00e4<\/h1>\t\t\t\t<\/div>\n\t\t\t\t<\/div>\n\t\t\t\t\t<\/div>\n\t\t<\/div>\n\t\t\t\t\t<\/div>\n\t\t<\/section>\n\t\t\t\t<section class=\"elementor-section elementor-top-section elementor-element elementor-element-40177ae0 elementor-section-boxed elementor-section-height-default elementor-section-height-default\" data-id=\"40177ae0\" data-element_type=\"section\" data-e-type=\"section\">\n\t\t\t\t\t\t<div class=\"elementor-container elementor-column-gap-no\">\n\t\t\t\t\t<div class=\"elementor-column elementor-col-50 elementor-top-column elementor-element elementor-element-27ac0885\" data-id=\"27ac0885\" data-element_type=\"column\" data-e-type=\"column\">\n\t\t\t<div class=\"elementor-widget-wrap elementor-element-populated\">\n\t\t\t\t\t\t<div class=\"elementor-element elementor-element-9249bd5 elementor-widget elementor-widget-image\" data-id=\"9249bd5\" data-element_type=\"widget\" data-e-type=\"widget\" data-widget_type=\"image.default\">\n\t\t\t\t<div class=\"elementor-widget-container\">\n\t\t\t\t\t\t\t\t\t\t\t\t\t\t\t<img fetchpriority=\"high\" decoding=\"async\" width=\"1024\" height=\"399\" src=\"https:\/\/www.ihastjarvenlinja.fi\/wp-content\/uploads\/2021\/02\/logo-kuva-1-e1614533367458-1024x399.png\" class=\"attachment-large size-large wp-image-1089\" alt=\"\" srcset=\"https:\/\/www.ihastjarvenlinja.fi\/wp-content\/uploads\/2021\/02\/logo-kuva-1-e1614533367458-1024x399.png 1024w, https:\/\/www.ihastjarvenlinja.fi\/wp-content\/uploads\/2021\/02\/logo-kuva-1-e1614533367458-300x117.png 300w, https:\/\/www.ihastjarvenlinja.fi\/wp-content\/uploads\/2021\/02\/logo-kuva-1-e1614533367458-768x299.png 768w, https:\/\/www.ihastjarvenlinja.fi\/wp-content\/uploads\/2021\/02\/logo-kuva-1-e1614533367458.png 1178w\" sizes=\"(max-width: 1024px) 100vw, 1024px\" \/>\t\t\t\t\t\t\t\t\t\t\t\t\t\t\t<\/div>\n\t\t\t\t<\/div>\n\t\t\t\t\t<\/div>\n\t\t<\/div>\n\t\t\t\t<div class=\"elementor-column elementor-col-50 elementor-top-column elementor-element elementor-element-9c50162\" data-id=\"9c50162\" data-element_type=\"column\" data-e-type=\"column\">\n\t\t\t<div class=\"elementor-widget-wrap elementor-element-populated\">\n\t\t\t\t\t\t<div class=\"elementor-element elementor-element-cd8d885 elementor-widget elementor-widget-heading\" data-id=\"cd8d885\" data-element_type=\"widget\" data-e-type=\"widget\" data-widget_type=\"heading.default\">\n\t\t\t\t<div class=\"elementor-widget-container\">\n\t\t\t\t\t<h2 class=\"elementor-heading-title elementor-size-default\">Yritysesittely<\/h2>\t\t\t\t<\/div>\n\t\t\t\t<\/div>\n\t\t\t\t<div class=\"elementor-element elementor-element-ea91061 elementor-widget elementor-widget-text-editor\" data-id=\"ea91061\" data-element_type=\"widget\" data-e-type=\"widget\" data-widget_type=\"text-editor.default\">\n\t\t\t\t<div class=\"elementor-widget-container\">\n\t\t\t\t\t\t\t\t\t<p style=\"margin: 0cm 0cm 19.2pt; background-image: initial; background-position: initial; background-size: initial; background-repeat: initial; background-attachment: initial; background-origin: initial; background-clip: initial;\"><span style=\"color: #060606; font-family: Arial, sans-serif;\">Ihastj\u00e4rven Linjan historia ulottuu vuosiin 1939-1940, jolloin Viljo Nironen ja Hjalmar Pastinen aloittivat linja-autoliikenn\u00f6innin Ihastj\u00e4rven kyl\u00e4lt\u00e4 kulkevalta reitilt\u00e4 Mikkeliin. Yhti\u00f6 rekister\u00f6itiin osakeyhti\u00f6ksi vuonna 1982, ja Nirosen poika Rauli Nironen yhdess\u00e4 sukunsa kanssa jatkoi t\u00e4m\u00e4n j\u00e4lkeen linja-autoliikenteen harjoittamista. (Tiedot Ihastj\u00e4rven kyl\u00e4n perinnekirjasta)<\/span><\/p>\n<p style=\"margin: 0cm 0cm 19.2pt; background-image: initial; background-position: initial; background-size: initial; background-repeat: initial; background-attachment: initial; background-origin: initial; background-clip: initial;\"><span style=\"color: #060606; font-family: Arial, sans-serif;\">Vuonna 1997 Ihastj\u00e4rven Linja Oy myytiin sen nykyisille yritt\u00e4jille ja omistajille, veljeksille Tarmo ja Rauno Pulkalle. Kaupassa siirtyi muun muassa liikenn\u00f6intisopimus M\u00e4ntyharju-Mikkeli -v\u00e4lill\u00e4 sek\u00e4 kolme linja-autoa.&nbsp;<\/span><\/p>\n<p style=\"margin: 0cm 0cm 19.2pt; background-image: initial; background-position: initial; background-size: initial; background-repeat: initial; background-attachment: initial; background-origin: initial; background-clip: initial;\"><span style=\"color: #060606; font-family: Arial, sans-serif;\">T\u00e4h\u00e4n p\u00e4iv\u00e4\u00e4n tullessa yrityksen toiminta on laajentunut huomattavasti ja se jatkaa kehittymist\u00e4\u00e4n. Yhti\u00f6ll\u00e4 on bussivarikko Mikkeliss\u00e4 ja toimisto Mikkelin Rautatieaseman tiloissa. Kaluston lukum\u00e4\u00e4r\u00e4 on 11 linja-autoa, kokoluokissa 14, 16, 23, 32, 50, 54 ja 60 -paikkaiset. Yhti\u00f6 liikenn\u00f6i reittiliikenteen ja tilausajojen lis\u00e4ksi aikataulunmukaisia koululais- ja asiointiliikennevuoroja Mikkelin kaupungissa sek\u00e4 ymp\u00e4r\u00f6iv\u00e4ll\u00e4 seudulla.<\/span><\/p>\n<p style=\"margin: 0cm 0cm 19.2pt; background-image: initial; background-position: initial; background-size: initial; background-repeat: initial; background-attachment: initial; background-origin: initial; background-clip: initial;\"><span style=\"color: #060606; font-family: Arial, sans-serif;\">Yhti\u00f6n pitki\u00e4 perinteit\u00e4 jatkaen Ihastj\u00e4rven Linja Oy liikenn\u00f6i edelleen Ihastj\u00e4rvi-Mikkeli sek\u00e4 M\u00e4ntyharju-Mikkeli -vuoroilla. Toimialan uudistuessa yhti\u00f6 on panostanut digitaalisiin kanaviin asiakkaiden tavoittamisessa sek\u00e4 monipuoliseen kalustoon, joka tukee nykyp\u00e4iv\u00e4n ymp\u00e4rist\u00f6lle asetettuja tavoitteita.<\/span><\/p>\t\t\t\t\t\t\t\t<\/div>\n\t\t\t\t<\/div>\n\t\t\t\t\t<\/div>\n\t\t<\/div>\n\t\t\t\t\t<\/div>\n\t\t<\/section>\n\t\t\t\t<section class=\"elementor-section elementor-top-section elementor-element elementor-element-4adf0573 elementor-reverse-mobile elementor-section-boxed elementor-section-height-default elementor-section-height-default\" data-id=\"4adf0573\" data-element_type=\"section\" data-e-type=\"section\">\n\t\t\t\t\t\t<div class=\"elementor-container elementor-column-gap-no\">\n\t\t\t\t\t<div class=\"elementor-column elementor-col-100 elementor-top-column elementor-element elementor-element-31106d56\" data-id=\"31106d56\" data-element_type=\"column\" data-e-type=\"column\">\n\t\t\t<div class=\"elementor-widget-wrap elementor-element-populated\">\n\t\t\t\t\t\t<div class=\"elementor-element elementor-element-2963e2c3 elementor-widget elementor-widget-heading\" data-id=\"2963e2c3\" data-element_type=\"widget\" data-e-type=\"widget\" data-widget_type=\"heading.default\">\n\t\t\t\t<div class=\"elementor-widget-container\">\n\t\t\t\t\t<h2 class=\"elementor-heading-title elementor-size-default\"><span style=\"font-size: 28px;font-style: normal\">Laatulupauksemme<\/span><\/h2>\t\t\t\t<\/div>\n\t\t\t\t<\/div>\n\t\t\t\t<div class=\"elementor-element elementor-element-713cfcf elementor-widget elementor-widget-heading\" data-id=\"713cfcf\" data-element_type=\"widget\" data-e-type=\"widget\" data-widget_type=\"heading.default\">\n\t\t\t\t<div class=\"elementor-widget-container\">\n\t\t\t\t\t<h2 class=\"elementor-heading-title elementor-size-default\">Joukkoliikennelain 48 \u00a7:n mukainen laatulupaus<\/h2>\t\t\t\t<\/div>\n\t\t\t\t<\/div>\n\t\t\t\t<div class=\"elementor-element elementor-element-6460baf elementor-widget elementor-widget-text-editor\" data-id=\"6460baf\" data-element_type=\"widget\" data-e-type=\"widget\" data-widget_type=\"text-editor.default\">\n\t\t\t\t<div class=\"elementor-widget-container\">\n\t\t\t\t\t\t\t\t\t<p><span style=\"color: #000000;\"><strong>1) Ihastj\u00e4rven Linja Oy:n tarjoamat liikennepalvelut\u00a0<\/strong><\/span><br \/><span style=\"color: #000000;\">Ihastj\u00e4rven Linja Oy tarjoaa aikataulunmukaista reittiliikennett\u00e4, koululaiskuljetus- ja asiointiliikennett\u00e4 Etel\u00e4-Savossa ja It\u00e4-Suomen alueella. Tarjoamme my\u00f6s tilausliikennett\u00e4 sek\u00e4 matkapaketteja. Yhti\u00f6n p\u00e4\u00e4toimipaikka sijaitsee Mikkeliss\u00e4. Aikataulut reiteillemme l\u00f6ytyy nettisivuiltamme sek\u00e4 Matkahuollon sivuilta www.matkahuolto.fi.\u00a0<\/span><\/p><p><span style=\"color: #000000;\"><strong>2) Tiedottaminen<\/strong><\/span><br \/><span style=\"color: #000000;\">Vuoroliikenteemme voimassa olevista aikatauluista ilmoitamme nettisivuillamme sek\u00e4 www.matkahuolto.fi -sivustolla. Mahdollisista muutoksista ilmoitamme nettisivuillamme. Tilausliikenteen tarjouspyynt\u00f6kyselyt, varaukset ja tiedustelut voi tehd\u00e4 nettisivujemme kautta Tarjouspyynt\u00f6-lomakkeella, s\u00e4hk\u00f6postin kautta tai puhelimitse puh. 0400 564 082.<\/span><\/p><p><span style=\"color: #000000;\"><strong>3) Matkaliput ja lippuj\u00e4rjestelmiin kuuluminen<\/strong><\/span><br \/><span style=\"color: #000000;\">Kuulumme Oy Matkahuolto AB informaatio- ja lippuj\u00e4rjestelm\u00e4\u00e4n. Reittiliikennevuoroillamme maksutapana k\u00e4yv\u00e4t k\u00e4teismaksu, korttimaksu ja Matkahuollon lipputuotteet. Mikkelin kaupungin kanssa yhteisty\u00f6ss\u00e4 j\u00e4rjestetyill\u00e4 vuoroilla maksutapana k\u00e4y edellisten lis\u00e4ksi Waltti-kortti. Alennusryhmille (el\u00e4kel\u00e4iset, opiskelijat, lapset) on omat lipputyyppins\u00e4 ja hinnanalennuksensa.<\/span><\/p><p><span style=\"color: #000000;\"><strong>4) Linja-autot<\/strong><\/span><br \/><span style=\"color: #000000;\">Kalustomme koostuu 14\u201362 -paikkaisista linja-autoista. Tilausajobussien varusteluun kuuluu WC, turvavy\u00f6t, ilmastointi ja USB-latauspistokkeet. Yhti\u00f6ll\u00e4 on k\u00e4yt\u00f6ss\u00e4 py\u00f6r\u00e4tuolipaikalla varustetut 14 ja 16-paikkaiset matalalattiabussit ja kuljettajamme avustavat matkustajat kyytiin tarvittaessa. Huomioimme autovalinnassa aina matkustajan erityistarpeet.\u00a0<\/span><\/p><p><span style=\"color: #000000;\"><strong>5) Henkil\u00f6kunta<\/strong><\/span><br \/><span style=\"color: #000000;\">Kaikessa toiminnassamme tavoitteena on tyytyv\u00e4inen asiakas. Kuljettajamme opastavat asiakkaita esiintulevissa kysymyksiss\u00e4. Henkil\u00f6kuntamme on mukana EU:n ammattip\u00e4tevyysdirektiivin mukaisessa koulutuksessa.\u00a0<\/span><\/p><p><span style=\"color: #000000;\"><strong>6) Asiakastyytyv\u00e4isyys ja palaute<\/strong><\/span><br \/><span style=\"color: #000000;\">Meille voi l\u00e4hett\u00e4\u00e4 palautetta s\u00e4hk\u00f6postitse tarmo.pulkka(at)ihastjarvenlinja.fi tai puhelimitse puh.\u00a00400 564 082. Otamme kaikki saadut palautteet huomioon toimintaa kehitt\u00e4ess\u00e4mme. Mahdolliset matkalipun hinnan palautuksia ja korvauksia koskevat vaatimukset k\u00e4sittelemme aina tapauskohtaisesti ja mahdollisimman nopealla aikataululla.<\/span><\/p><p><span style=\"color: #000000;\"><strong>7) Henkil\u00f6tietojen k\u00e4sittely<\/strong><\/span><br \/><span style=\"color: #000000;\">K\u00e4sittelemme henkil\u00f6tietoja EU:n tietosuoja-asetuksen (GDPR) mukaisesti. Tarkempaa tietoa henkil\u00f6tietojen k\u00e4sittelyst\u00e4 saa uuteen v\u00e4lilehteen avautuvasta pdf-tiedostosta:<a style=\"color: #000000;\" href=\"https:\/\/www.ihastjarvenlinja.fi\/wp-content\/uploads\/2021\/04\/ihastjarvenlinja-eu-tietosuoja2016.pdf\" target=\"_blank\" rel=\"noopener\">\u00a0<strong>Ihastj\u00e4rven Linja Oy &#8211; GDPR.<\/strong><\/a><\/span><\/p>\t\t\t\t\t\t\t\t<\/div>\n\t\t\t\t<\/div>\n\t\t\t\t\t<\/div>\n\t\t<\/div>\n\t\t\t\t\t<\/div>\n\t\t<\/section>\n\t\t\t\t<\/div>\n\t\t","protected":false},"excerpt":{"rendered":"<p>Meist\u00e4 Yritysesittely Ihastj\u00e4rven Linjan historia ulottuu vuosiin 1939-1940, jolloin Viljo Nironen ja Hjalmar Pastinen aloittivat linja-autoliikenn\u00f6innin Ihastj\u00e4rven kyl\u00e4lt\u00e4 kulkevalta reitilt\u00e4 Mikkeliin. Yhti\u00f6 rekister\u00f6itiin osakeyhti\u00f6ksi vuonna 1982, ja Nirosen poika Rauli Nironen yhdess\u00e4 sukunsa kanssa jatkoi t\u00e4m\u00e4n j\u00e4lkeen linja-autoliikenteen harjoittamista. (Tiedot Ihastj\u00e4rven kyl\u00e4n perinnekirjasta) Vuonna 1997 Ihastj\u00e4rven Linja Oy myytiin sen nykyisille yritt\u00e4jille ja omistajille, veljeksille [&hellip;]<\/p>\n","protected":false},"author":1,"featured_media":0,"parent":0,"menu_order":0,"comment_status":"closed","ping_status":"closed","template":"","meta":{"site-sidebar-layout":"no-sidebar","site-content-layout":"page-builder","ast-site-content-layout":"default","site-content-style":"default","site-sidebar-style":"default","ast-global-header-display":"","ast-banner-title-visibility":"","ast-main-header-display":"","ast-hfb-above-header-display":"","ast-hfb-below-header-display":"","ast-hfb-mobile-header-display":"","site-post-title":"disabled","ast-breadcrumbs-content":"","ast-featured-img":"","footer-sml-layout":"","ast-disable-related-posts":"","theme-transparent-header-meta":"enabled","adv-header-id-meta":"","stick-header-meta":"","header-above-stick-meta":"","header-main-stick-meta":"","header-below-stick-meta":"","astra-migrate-meta-layouts":"default","ast-page-background-enabled":"default","ast-page-background-meta":{"desktop":{"background-color":"","background-image":"","background-repeat":"repeat","background-position":"center center","background-size":"auto","background-attachment":"scroll","background-type":"","background-media":"","overlay-type":"","overlay-color":"","overlay-opacity":"","overlay-gradient":""},"tablet":{"background-color":"","background-image":"","background-repeat":"repeat","background-position":"center center","background-size":"auto","background-attachment":"scroll","background-type":"","background-media":"","overlay-type":"","overlay-color":"","overlay-opacity":"","overlay-gradient":""},"mobile":{"background-color":"","background-image":"","background-repeat":"repeat","background-position":"center center","background-size":"auto","background-attachment":"scroll","background-type":"","background-media":"","overlay-type":"","overlay-color":"","overlay-opacity":"","overlay-gradient":""}},"ast-content-background-meta":{"desktop":{"background-color":"var(--ast-global-color-5)","background-image":"","background-repeat":"repeat","background-position":"center center","background-size":"auto","background-attachment":"scroll","background-type":"","background-media":"","overlay-type":"","overlay-color":"","overlay-opacity":"","overlay-gradient":""},"tablet":{"background-color":"var(--ast-global-color-5)","background-image":"","background-repeat":"repeat","background-position":"center center","background-size":"auto","background-attachment":"scroll","background-type":"","background-media":"","overlay-type":"","overlay-color":"","overlay-opacity":"","overlay-gradient":""},"mobile":{"background-color":"var(--ast-global-color-5)","background-image":"","background-repeat":"repeat","background-position":"center center","background-size":"auto","background-attachment":"scroll","background-type":"","background-media":"","overlay-type":"","overlay-color":"","overlay-opacity":"","overlay-gradient":""}},"footnotes":""},"class_list":["post-636","page","type-page","status-publish","hentry"],"_links":{"self":[{"href":"https:\/\/www.ihastjarvenlinja.fi\/index.php\/wp-json\/wp\/v2\/pages\/636","targetHints":{"allow":["GET"]}}],"collection":[{"href":"https:\/\/www.ihastjarvenlinja.fi\/index.php\/wp-json\/wp\/v2\/pages"}],"about":[{"href":"https:\/\/www.ihastjarvenlinja.fi\/index.php\/wp-json\/wp\/v2\/types\/page"}],"author":[{"embeddable":true,"href":"https:\/\/www.ihastjarvenlinja.fi\/index.php\/wp-json\/wp\/v2\/users\/1"}],"replies":[{"embeddable":true,"href":"https:\/\/www.ihastjarvenlinja.fi\/index.php\/wp-json\/wp\/v2\/comments?post=636"}],"version-history":[{"count":211,"href":"https:\/\/www.ihastjarvenlinja.fi\/index.php\/wp-json\/wp\/v2\/pages\/636\/revisions"}],"predecessor-version":[{"id":2455,"href":"https:\/\/www.ihastjarvenlinja.fi\/index.php\/wp-json\/wp\/v2\/pages\/636\/revisions\/2455"}],"wp:attachment":[{"href":"https:\/\/www.ihastjarvenlinja.fi\/index.php\/wp-json\/wp\/v2\/media?parent=636"}],"curies":[{"name":"wp","href":"https:\/\/api.w.org\/{rel}","templated":true}]}}